{"id":848,"date":"2020-10-02T13:57:49","date_gmt":"2020-10-02T11:57:49","guid":{"rendered":"https:\/\/infodyn.eu\/politica-de-proteccion-de-datos\/"},"modified":"2020-10-02T13:57:49","modified_gmt":"2020-10-02T11:57:49","slug":"politica-de-proteccion-de-datos","status":"publish","type":"page","link":"https:\/\/infodyn.eu\/es\/politica-de-proteccion-de-datos\/","title":{"rendered":"Pol\u00edtica de protecci\u00f3n de datos"},"content":{"rendered":"<p>[et_pb_section fb_built=\u00bb1&#8243; _builder_version=\u00bb4.4.8&#8243;][et_pb_row _builder_version=\u00bb4.4.8&#8243;][et_pb_column _builder_version=\u00bb4.4.8&#8243; type=\u00bb4_4&#8243;][et_pb_text _builder_version=\u00bb4.4.8&#8243; hover_enabled=\u00bb0&#8243;]<\/p>\n<p>Privacidad<\/p>\n<p>El uso de nuestro sitio web es posible sin indicaci\u00f3n de datos personales. En la medida en que en nuestra p\u00e1gina web se recojan datos personales (por ejemplo, nombre, direcci\u00f3n o direcciones de correo electr\u00f3nico), esto se har\u00e1, en la medida de lo posible, de forma voluntaria. Estos datos no se transmiten a terceros sin su consentimiento expl\u00edcito.<\/p>\n<p>Se\u00f1alamos que la transmisi\u00f3n de datos a trav\u00e9s de Internet (por ejemplo, al comunicarse por correo electr\u00f3nico) puede tener lagunas de seguridad. No es posible una protecci\u00f3n completa de los datos contra el acceso de terceros.<\/p>\n<p>El uso de los datos de contacto publicados bajo la obligaci\u00f3n de pie de imprenta por parte de terceros para el env\u00edo de publicidad y materiales de informaci\u00f3n no solicitados queda expresamente prohibido. Los operadores de estos sitios web se reservan expresamente las medidas legales en caso de informaci\u00f3n promocional no solicitada, como los correos electr\u00f3nicos spam.<\/p>\n<p>Pol\u00edtica de privacidad para el uso de los plugins de Facebook (como el bot\u00f3n)<\/p>\n<p>En el sitio web se integran los plugins de la red social Facebook, South California, 1601 Avenue, Palo Alto, CA 94304, Estados Unidos. Usted ve los plugins de Facebook en el logo de Facebook o el bot\u00f3n \u00abMe gusta\u00bb (\u00abMe gusta\u00bb) en nuestro sitio. Puede encontrar una visi\u00f3n general de los plugins de Facebook aqu\u00ed: developers.facebook.com\/docs\/plugins\/.<\/p>\n<p>Cuando visita nuestro sitio, se realiza una conexi\u00f3n directa a trav\u00e9s del plugin entre su navegador y el servidor de Facebook. Facebook obtiene la informaci\u00f3n de que has visitado el sitio web con tu direcci\u00f3n IP. Cuando hace clic en el bot\u00f3n \u00abMe gusta\u00bb de Facebook mientras est\u00e1 conectado a su cuenta de Facebook, puede vincular el contenido de nuestro sitio web en su perfil de Facebook. Esto permite a Facebook asignar su visita a nuestro sitio web a su cuenta de usuario. Se\u00f1alamos que nosotros, como proveedores de este sitio web, no tenemos conocimiento del contenido de los datos transmitidos y su uso a trav\u00e9s de Facebook. Para m\u00e1s informaci\u00f3n, en la privacidad de Facebook en en-us.facebook.com\/policy.php<\/p>\n<p>Si no desea que Facebook se asocie visitando nuestro sitio web a su cuenta de usuario de Facebook, por favor, cierre la sesi\u00f3n de su cuenta de Facebook.<\/p>\n<p>Pol\u00edtica de privacidad para el uso de Google Analytics<\/p>\n<p>Este sitio web se reserva el derecho de utilizar Google Analytics, un servicio anal\u00edtico de web prestado por Google Inc. (\u00abGoogle\u00bb). Google Analytics utiliza las llamadas \u00abcookies\u00bb, archivos de texto que se almacenan en su ordenador, para ayudar a analizar el uso que usted hace del sitio web. La informaci\u00f3n que genera la cookie acerca de su uso de este sitio web (incluyendo su direcci\u00f3n IP) se transmite a un servidor de Google en los Estados Unidos y se guarda all\u00ed.<br \/>Google utilizar\u00e1 esta informaci\u00f3n para evaluar su uso del sitio web, para recopilar informes sobre las actividades del sitio web para los operadores del mismo y para proporcionar otros servicios relacionados con la actividad del sitio web y el uso de Internet. Tambi\u00e9n es posible que Google transmita esta informaci\u00f3n a terceros cuando as\u00ed lo exija la ley o cuando terceros procesen estos datos por encargo de Google. Google no asociar\u00e1 su direcci\u00f3n IP con ning\u00fan otro dato del que disponga Google Inc.<\/p>\n<p>Usted puede rechazar el uso de cookies seleccionando la configuraci\u00f3n apropiada de su navegador, pero le advertimos que en este caso es posible que no pueda utilizar todas las caracter\u00edsticas de este sitio web. Al utilizar este sitio web, usted acepta el tratamiento de los datos sobre usted por parte de Google en la forma anteriormente descrita y para el prop\u00f3sito mencionado.<\/p>\n<p>Pol\u00edtica de privacidad para el uso de Google AdSense<\/p>\n<p>Este sitio web utiliza Google AdSense, un servicio web que incluye anuncios de Google Inc. (\u00abGoogle\u00bb). AdSense de Google las llamadas \u00abcookies\u00bb, archivos de texto que se almacenan en su ordenador, para ayudar a analizar su uso del sitio web. Google AdSense tambi\u00e9n utiliza los llamados Web beacons (im\u00e1genes invisibles). A trav\u00e9s de estos Web beacons, se puede evaluar informaci\u00f3n como el tr\u00e1fico de visitantes en estos sitios web.<\/p>\n<p>La informaci\u00f3n generada por las cookies y los web beacons sobre el uso de este sitio web (incluyendo su direcci\u00f3n IP) y la entrega de formatos publicitarios se transmiten a un servidor de Google en los Estados Unidos y se almacenan all\u00ed. Esta informaci\u00f3n puede ser transmitida por Google a un socio contractual de Google. Google no combinar\u00e1 su direcci\u00f3n IP con otros datos que usted haya guardado.<\/p>\n<p>Usted puede rechazar el uso de cookies seleccionando la configuraci\u00f3n apropiada de su navegador, pero le advertimos que en este caso es posible que no pueda utilizar todas las caracter\u00edsticas de este sitio web. Al utilizar este sitio web, usted acepta que Google procese los datos sobre usted de la forma anteriormente descrita y con el fin anteriormente mencionado.<\/p>\n<p>[\/et_pb_text][\/et_pb_column][\/et_pb_row][\/et_pb_section]<\/p>\n","protected":false},"excerpt":{"rendered":"<p>Privacidad El uso de nuestro sitio web es posible sin indicaci\u00f3n de datos personales. En la medida en que en nuestra p\u00e1gina web se recojan datos personales (por ejemplo, nombre, direcci\u00f3n o direcciones de correo electr\u00f3nico), esto se har\u00e1, en la medida de lo posible, de forma voluntaria. Estos datos no se transmiten a terceros [&hellip;]<\/p>\n","protected":false},"author":1,"featured_media":0,"parent":0,"menu_order":0,"comment_status":"closed","ping_status":"closed","template":"","meta":{"_et_pb_use_builder":"on","_et_pb_old_content":"","_et_gb_content_width":"","footnotes":""},"class_list":["post-848","page","type-page","status-publish","hentry"],"yoast_head":"<!-- This site is optimized with the Yoast SEO plugin v25.0 - https:\/\/yoast.com\/wordpress\/plugins\/seo\/ -->\n<title>Pol\u00edtica de protecci\u00f3n de datos - Infodyn<\/title>\n<meta name=\"robots\" content=\"index, follow, max-snippet:-1, max-image-preview:large, max-video-preview:-1\" \/>\n<link rel=\"canonical\" href=\"https:\/\/infodyn.eu\/es\/politica-de-proteccion-de-datos\/\" \/>\n<meta property=\"og:locale\" content=\"es_ES\" \/>\n<meta property=\"og:type\" content=\"article\" \/>\n<meta property=\"og:title\" content=\"Pol\u00edtica de protecci\u00f3n de datos - Infodyn\" \/>\n<meta property=\"og:description\" content=\"Privacidad El uso de nuestro sitio web es posible sin indicaci\u00f3n de datos personales. En la medida en que en nuestra p\u00e1gina web se recojan datos personales (por ejemplo, nombre, direcci\u00f3n o direcciones de correo electr\u00f3nico), esto se har\u00e1, en la medida de lo posible, de forma voluntaria. Estos datos no se transmiten a terceros [&hellip;]\" \/>\n<meta property=\"og:url\" content=\"https:\/\/infodyn.eu\/es\/politica-de-proteccion-de-datos\/\" \/>\n<meta property=\"og:site_name\" content=\"Infodyn\" \/>\n<meta name=\"twitter:card\" content=\"summary_large_image\" \/>\n<meta name=\"twitter:label1\" content=\"Tiempo de lectura\" \/>\n\t<meta name=\"twitter:data1\" content=\"5 minutos\" \/>\n<script type=\"application\/ld+json\" class=\"yoast-schema-graph\">{\"@context\":\"https:\/\/schema.org\",\"@graph\":[{\"@type\":\"WebPage\",\"@id\":\"https:\/\/infodyn.eu\/es\/politica-de-proteccion-de-datos\/\",\"url\":\"https:\/\/infodyn.eu\/es\/politica-de-proteccion-de-datos\/\",\"name\":\"Pol\u00edtica de protecci\u00f3n de datos - Infodyn\",\"isPartOf\":{\"@id\":\"https:\/\/infodyn.eu\/#website\"},\"datePublished\":\"2020-10-02T11:57:49+00:00\",\"breadcrumb\":{\"@id\":\"https:\/\/infodyn.eu\/es\/politica-de-proteccion-de-datos\/#breadcrumb\"},\"inLanguage\":\"es\",\"potentialAction\":[{\"@type\":\"ReadAction\",\"target\":[\"https:\/\/infodyn.eu\/es\/politica-de-proteccion-de-datos\/\"]}]},{\"@type\":\"BreadcrumbList\",\"@id\":\"https:\/\/infodyn.eu\/es\/politica-de-proteccion-de-datos\/#breadcrumb\",\"itemListElement\":[{\"@type\":\"ListItem\",\"position\":1,\"name\":\"Home\",\"item\":\"https:\/\/infodyn.eu\/es\/\"},{\"@type\":\"ListItem\",\"position\":2,\"name\":\"Pol\u00edtica de protecci\u00f3n de datos\"}]},{\"@type\":\"WebSite\",\"@id\":\"https:\/\/infodyn.eu\/#website\",\"url\":\"https:\/\/infodyn.eu\/\",\"name\":\"Infodyn\",\"description\":\"\",\"publisher\":{\"@id\":\"https:\/\/infodyn.eu\/#organization\"},\"potentialAction\":[{\"@type\":\"SearchAction\",\"target\":{\"@type\":\"EntryPoint\",\"urlTemplate\":\"https:\/\/infodyn.eu\/?s={search_term_string}\"},\"query-input\":{\"@type\":\"PropertyValueSpecification\",\"valueRequired\":true,\"valueName\":\"search_term_string\"}}],\"inLanguage\":\"es\"},{\"@type\":\"Organization\",\"@id\":\"https:\/\/infodyn.eu\/#organization\",\"name\":\"InfoDyn\",\"url\":\"https:\/\/infodyn.eu\/\",\"logo\":{\"@type\":\"ImageObject\",\"inLanguage\":\"es\",\"@id\":\"https:\/\/infodyn.eu\/#\/schema\/logo\/image\/\",\"url\":\"https:\/\/infodyn.eu\/wp-content\/uploads\/2020\/06\/logo.png\",\"contentUrl\":\"https:\/\/infodyn.eu\/wp-content\/uploads\/2020\/06\/logo.png\",\"width\":78,\"height\":60,\"caption\":\"InfoDyn\"},\"image\":{\"@id\":\"https:\/\/infodyn.eu\/#\/schema\/logo\/image\/\"}}]}<\/script>\n<!-- \/ Yoast SEO plugin. -->","yoast_head_json":{"title":"Pol\u00edtica de protecci\u00f3n de datos - Infodyn","robots":{"index":"index","follow":"follow","max-snippet":"max-snippet:-1","max-image-preview":"max-image-preview:large","max-video-preview":"max-video-preview:-1"},"canonical":"https:\/\/infodyn.eu\/es\/politica-de-proteccion-de-datos\/","og_locale":"es_ES","og_type":"article","og_title":"Pol\u00edtica de protecci\u00f3n de datos - Infodyn","og_description":"Privacidad El uso de nuestro sitio web es posible sin indicaci\u00f3n de datos personales. En la medida en que en nuestra p\u00e1gina web se recojan datos personales (por ejemplo, nombre, direcci\u00f3n o direcciones de correo electr\u00f3nico), esto se har\u00e1, en la medida de lo posible, de forma voluntaria. Estos datos no se transmiten a terceros [&hellip;]","og_url":"https:\/\/infodyn.eu\/es\/politica-de-proteccion-de-datos\/","og_site_name":"Infodyn","twitter_card":"summary_large_image","twitter_misc":{"Tiempo de lectura":"5 minutos"},"schema":{"@context":"https:\/\/schema.org","@graph":[{"@type":"WebPage","@id":"https:\/\/infodyn.eu\/es\/politica-de-proteccion-de-datos\/","url":"https:\/\/infodyn.eu\/es\/politica-de-proteccion-de-datos\/","name":"Pol\u00edtica de protecci\u00f3n de datos - Infodyn","isPartOf":{"@id":"https:\/\/infodyn.eu\/#website"},"datePublished":"2020-10-02T11:57:49+00:00","breadcrumb":{"@id":"https:\/\/infodyn.eu\/es\/politica-de-proteccion-de-datos\/#breadcrumb"},"inLanguage":"es","potentialAction":[{"@type":"ReadAction","target":["https:\/\/infodyn.eu\/es\/politica-de-proteccion-de-datos\/"]}]},{"@type":"BreadcrumbList","@id":"https:\/\/infodyn.eu\/es\/politica-de-proteccion-de-datos\/#breadcrumb","itemListElement":[{"@type":"ListItem","position":1,"name":"Home","item":"https:\/\/infodyn.eu\/es\/"},{"@type":"ListItem","position":2,"name":"Pol\u00edtica de protecci\u00f3n de datos"}]},{"@type":"WebSite","@id":"https:\/\/infodyn.eu\/#website","url":"https:\/\/infodyn.eu\/","name":"Infodyn","description":"","publisher":{"@id":"https:\/\/infodyn.eu\/#organization"},"potentialAction":[{"@type":"SearchAction","target":{"@type":"EntryPoint","urlTemplate":"https:\/\/infodyn.eu\/?s={search_term_string}"},"query-input":{"@type":"PropertyValueSpecification","valueRequired":true,"valueName":"search_term_string"}}],"inLanguage":"es"},{"@type":"Organization","@id":"https:\/\/infodyn.eu\/#organization","name":"InfoDyn","url":"https:\/\/infodyn.eu\/","logo":{"@type":"ImageObject","inLanguage":"es","@id":"https:\/\/infodyn.eu\/#\/schema\/logo\/image\/","url":"https:\/\/infodyn.eu\/wp-content\/uploads\/2020\/06\/logo.png","contentUrl":"https:\/\/infodyn.eu\/wp-content\/uploads\/2020\/06\/logo.png","width":78,"height":60,"caption":"InfoDyn"},"image":{"@id":"https:\/\/infodyn.eu\/#\/schema\/logo\/image\/"}}]}},"_links":{"self":[{"href":"https:\/\/infodyn.eu\/es\/wp-json\/wp\/v2\/pages\/848","targetHints":{"allow":["GET"]}}],"collection":[{"href":"https:\/\/infodyn.eu\/es\/wp-json\/wp\/v2\/pages"}],"about":[{"href":"https:\/\/infodyn.eu\/es\/wp-json\/wp\/v2\/types\/page"}],"author":[{"embeddable":true,"href":"https:\/\/infodyn.eu\/es\/wp-json\/wp\/v2\/users\/1"}],"replies":[{"embeddable":true,"href":"https:\/\/infodyn.eu\/es\/wp-json\/wp\/v2\/comments?post=848"}],"version-history":[{"count":2,"href":"https:\/\/infodyn.eu\/es\/wp-json\/wp\/v2\/pages\/848\/revisions"}],"predecessor-version":[{"id":850,"href":"https:\/\/infodyn.eu\/es\/wp-json\/wp\/v2\/pages\/848\/revisions\/850"}],"wp:attachment":[{"href":"https:\/\/infodyn.eu\/es\/wp-json\/wp\/v2\/media?parent=848"}],"curies":[{"name":"wp","href":"https:\/\/api.w.org\/{rel}","templated":true}]}}