{"id":892,"date":"2020-10-02T17:09:51","date_gmt":"2020-10-02T15:09:51","guid":{"rendered":"https:\/\/infodyn.eu\/beneficios\/"},"modified":"2023-04-14T09:21:48","modified_gmt":"2023-04-14T07:21:48","slug":"beneficios","status":"publish","type":"page","link":"https:\/\/infodyn.eu\/es\/beneficios\/","title":{"rendered":"Beneficios"},"content":{"rendered":"<p>[et_pb_section fb_built=\u00bb1&#8243; _builder_version=\u00bb4.16&#8243; global_colors_info=\u00bb{}\u00bb][et_pb_row _builder_version=\u00bb4.16&#8243; global_colors_info=\u00bb{}\u00bb][et_pb_column type=\u00bb4_4&#8243; _builder_version=\u00bb4.16&#8243; global_colors_info=\u00bb{}\u00bb][et_pb_text admin_label=\u00bbText\u00bb _builder_version=\u00bb4.16&#8243; text_orientation=\u00bbcenter\u00bb width=\u00bb90%\u00bb max_width=\u00bb700px\u00bb module_alignment=\u00bbcenter\u00bb global_colors_info=\u00bb{}\u00bb]<\/p>\n<h3>En un entorno altamente regulado, la administraci\u00f3n debe garantizar el cumplimiento y, al mismo tiempo, permitir el despliegue sin problemas de las aplicaciones a una alta frecuencia de liberaci\u00f3n<\/h3>\n<p>[\/et_pb_text][\/et_pb_column][\/et_pb_row][et_pb_row column_structure=\u00bb1_2,1_2&#8243; _builder_version=\u00bb4.16&#8243; global_colors_info=\u00bb{}\u00bb][et_pb_column type=\u00bb1_2&#8243; _builder_version=\u00bb4.16&#8243; global_colors_info=\u00bb{}\u00bb][et_pb_text _builder_version=\u00bb4.16&#8243; global_colors_info=\u00bb{}\u00bb]<\/p>\n<p>Directores de proyectos y responsables de conformidad nos informaban de su falta de control y cumplimiento en relaci\u00f3n con:\u00a0<\/p>\n<ul>\n<li>La correlaci\u00f3n entre los requisitos y el seguimiento de los cambios.<\/li>\n<li>Informaci\u00f3n dispersa sobre la liberaci\u00f3n y el despliegue.<\/li>\n<li>Empleados y contratistas con diferentes niveles de participaci\u00f3n, sofisticaci\u00f3n y autorizaci\u00f3n de acceso a los datos.<\/li>\n<\/ul>\n<p>[\/et_pb_text][\/et_pb_column][et_pb_column type=\u00bb1_2&#8243; _builder_version=\u00bb4.16&#8243; global_colors_info=\u00bb{}\u00bb][et_pb_image src=\u00bbhttps:\/\/infodyn.eu\/wp-content\/uploads\/2020\/06\/4-Security-Transparency-1024&#215;542-1.jpg\u00bb title_text=\u00bb4-Seguridad-Transparencia-1024&#215;542&#8243; show_in_lightbox=\u00bbon\u00bb _builder_version=\u00bb4.16&#8243; global_colors_info=\u00bb{}\u00bb][\/et_pb_image][\/et_pb_column][\/et_pb_row][\/et_pb_section][et_pb_section fb_built=\u00bb1&#8243; _builder_version=\u00bb4.16&#8243; background_color=\u00bb#f9f9f9&#8243; global_colors_info=\u00bb{}\u00bb][et_pb_row _builder_version=\u00bb4.16&#8243; global_colors_info=\u00bb{}\u00bb][et_pb_column type=\u00bb4_4&#8243; _builder_version=\u00bb4.16&#8243; global_colors_info=\u00bb{}\u00bb][et_pb_text admin_label=\u00bbText\u00bb _builder_version=\u00bb4.16&#8243; text_orientation=\u00bbcenter\u00bb global_colors_info=\u00bb{}\u00bb]<\/p>\n<p>&nbsp;<\/p>\n<h4><strong>InfoDyn<\/strong> ofrece a los managers la soluci\u00f3n mas potente<\/h4>\n<p>[\/et_pb_text][\/et_pb_column][\/et_pb_row][et_pb_row column_structure=\u00bb1_4,1_4,1_4,1_4&#8243; _builder_version=\u00bb4.16&#8243; global_colors_info=\u00bb{}\u00bb][et_pb_column type=\u00bb1_4&#8243; _builder_version=\u00bb4.16&#8243; global_colors_info=\u00bb{}\u00bb][et_pb_blurb title=\u00bbCapacidad de seguimiento de los cambios\u00bb image=\u00bbhttps:\/\/infodyn.eu\/wp-content\/uploads\/2020\/08\/001-changestracking.png\u00bb image_icon_width=\u00bb75px\u00bb _builder_version=\u00bb4.16&#8243; header_level=\u00bbh5&#8243; text_orientation=\u00bbcenter\u00bb image_max_width=\u00bb75px\u00bb global_colors_info=\u00bb{}\u00bb][\/et_pb_blurb][\/et_pb_column][et_pb_column type=\u00bb1_4&#8243; _builder_version=\u00bb4.16&#8243; global_colors_info=\u00bb{}\u00bb][et_pb_blurb title=\u00bbMensajes de conformidad\u00bb image=\u00bbhttps:\/\/infodyn.eu\/wp-content\/uploads\/2020\/08\/002-compliancemessaging.png\u00bb image_icon_width=\u00bb75px\u00bb _builder_version=\u00bb4.16&#8243; header_level=\u00bbh5&#8243; text_orientation=\u00bbcenter\u00bb image_max_width=\u00bb75px\u00bb global_colors_info=\u00bb{}\u00bb][\/et_pb_blurb][\/et_pb_column][et_pb_column type=\u00bb1_4&#8243; _builder_version=\u00bb4.16&#8243; global_colors_info=\u00bb{}\u00bb][et_pb_blurb title=\u00bbAutenticaci\u00f3n LDAP\u00bb image=\u00bbhttps:\/\/infodyn.eu\/wp-content\/uploads\/2020\/08\/003-ldapauth.png\u00bb image_icon_width=\u00bb75px\u00bb _builder_version=\u00bb4.16&#8243; header_level=\u00bbh5&#8243; text_orientation=\u00bbcenter\u00bb image_max_width=\u00bb75px\u00bb global_colors_info=\u00bb{}\u00bb][\/et_pb_blurb][\/et_pb_column][et_pb_column type=\u00bb1_4&#8243; _builder_version=\u00bb4.16&#8243; global_colors_info=\u00bb{}\u00bb][et_pb_blurb title=\u00bbCapacidad de registro y auditor\u00eda\u00bb image=\u00bbhttps:\/\/infodyn.eu\/wp-content\/uploads\/2020\/08\/004-fullaudit.png\u00bb image_icon_width=\u00bb75px\u00bb _builder_version=\u00bb4.16&#8243; header_level=\u00bbh5&#8243; text_orientation=\u00bbcenter\u00bb image_max_width=\u00bb75px\u00bb global_colors_info=\u00bb{}\u00bb][\/et_pb_blurb][\/et_pb_column][\/et_pb_row][et_pb_row column_structure=\u00bb1_4,1_4,1_4,1_4&#8243; _builder_version=\u00bb4.16&#8243; global_colors_info=\u00bb{}\u00bb][et_pb_column type=\u00bb1_4&#8243; _builder_version=\u00bb4.16&#8243; global_colors_info=\u00bb{}\u00bb][et_pb_blurb title=\u00bbTrasparencia de metadatos realzada\u00bb image=\u00bbhttps:\/\/infodyn.eu\/wp-content\/uploads\/2020\/08\/005-metadatatransparency.png\u00bb image_icon_width=\u00bb75px\u00bb _builder_version=\u00bb4.16&#8243; header_level=\u00bbh5&#8243; text_orientation=\u00bbcenter\u00bb image_max_width=\u00bb75px\u00bb global_colors_info=\u00bb{}\u00bb][\/et_pb_blurb][\/et_pb_column][et_pb_column type=\u00bb1_4&#8243; _builder_version=\u00bb4.16&#8243; global_colors_info=\u00bb{}\u00bb][et_pb_blurb title=\u00bbMayor eficiencia en la gesti\u00f3n de conformidad\u00bb image=\u00bbhttps:\/\/infodyn.eu\/wp-content\/uploads\/2020\/08\/006-increasedefficiency.png\u00bb image_icon_width=\u00bb75px\u00bb _builder_version=\u00bb4.16&#8243; header_level=\u00bbh5&#8243; text_orientation=\u00bbcenter\u00bb image_max_width=\u00bb75px\u00bb global_colors_info=\u00bb{}\u00bb][\/et_pb_blurb][\/et_pb_column][et_pb_column type=\u00bb1_4&#8243; _builder_version=\u00bb4.16&#8243; global_colors_info=\u00bb{}\u00bb][et_pb_blurb title=\u00bbProcesos completos de aprobaci\u00f3n\u00bb image=\u00bbhttps:\/\/infodyn.eu\/wp-content\/uploads\/2020\/08\/007-approvalprocess.png\u00bb image_icon_width=\u00bb75px\u00bb _builder_version=\u00bb4.16&#8243; header_level=\u00bbh5&#8243; text_orientation=\u00bbcenter\u00bb image_max_width=\u00bb75px\u00bb global_colors_info=\u00bb{}\u00bb][\/et_pb_blurb][\/et_pb_column][et_pb_column type=\u00bb1_4&#8243; _builder_version=\u00bb4.16&#8243; global_colors_info=\u00bb{}\u00bb][et_pb_blurb title=\u00bb20 a\u00f1os de experiencia con Informatica\u00bb image=\u00bbhttps:\/\/infodyn.eu\/wp-content\/uploads\/2020\/08\/008-experience.png\u00bb image_icon_width=\u00bb75px\u00bb _builder_version=\u00bb4.16&#8243; header_level=\u00bbh5&#8243; text_orientation=\u00bbcenter\u00bb image_max_width=\u00bb75px\u00bb global_colors_info=\u00bb{}\u00bb][\/et_pb_blurb][\/et_pb_column][\/et_pb_row][\/et_pb_section][et_pb_section fb_built=\u00bb1&#8243; _builder_version=\u00bb4.16&#8243; global_colors_info=\u00bb{}\u00bb][et_pb_row column_structure=\u00bb1_2,1_2&#8243; _builder_version=\u00bb4.16&#8243; global_colors_info=\u00bb{}\u00bb][et_pb_column type=\u00bb1_2&#8243; module_id=\u00bbaudittrail\u00bb _builder_version=\u00bb4.16&#8243; global_colors_info=\u00bb{}\u00bb][et_pb_text _builder_version=\u00bb4.16&#8243; background_color=\u00bbrgba(126,179,59,0.16)\u00bb custom_margin_tablet=\u00bb\u00bb custom_margin_phone=\u00bb\u00bb custom_margin_last_edited=\u00bbon|desktop\u00bb custom_padding=\u00bb10px|10px||10px|false|false\u00bb custom_padding_tablet=\u00bb\u00bb custom_padding_phone=\u00bb\u00bb custom_padding_last_edited=\u00bbon|desktop\u00bb border_radii=\u00bbon|5px|5px|5px|5px\u00bb global_colors_info=\u00bb{}\u00bb]<\/p>\n<h3>Registro de auditoria<\/h3>\n<p>[\/et_pb_text][et_pb_text _builder_version=\u00bb4.16&#8243; global_colors_info=\u00bb{}\u00bb]<\/p>\n<p>El m\u00f3dulo <strong>IDem<\/strong> de InfoDyn registra cada acci\u00f3n en los libros de registro, incluyendo la informaci\u00f3n de tiempo y de usuario. Las entradas del libro de registro pueden extenderse m\u00e1s all\u00e1 de las notas manuales.\u00a0El almacenamiento incluye llamadas a programas externos para el proceso de despliegue en s\u00ed y sus valores de retorno en su forma original.\u00a0\u00a0Con este fin, la documentaci\u00f3n de todas las actividades en IDem se guarda de forma completa y exhaustiva y puede cumplir con las normas de examen de cualquier auditor\u00eda interna y externa.<\/p>\n<p>[\/et_pb_text][et_pb_image src=\u00bbhttps:\/\/infodyn.eu\/wp-content\/uploads\/2020\/06\/4.3-Audit-trail-1024&#215;359-1.jpg\u00bb title_text=\u00bb4.3-Audit-trail-1024&#215;359&#8243; show_in_lightbox=\u00bbon\u00bb _builder_version=\u00bb4.16&#8243; global_colors_info=\u00bb{}\u00bb][\/et_pb_image][\/et_pb_column][et_pb_column type=\u00bb1_2&#8243; module_id=\u00bbcompliance\u00bb _builder_version=\u00bb4.16&#8243; global_colors_info=\u00bb{}\u00bb][et_pb_text _builder_version=\u00bb4.16&#8243; background_color=\u00bbrgba(126,179,59,0.16)\u00bb custom_margin_tablet=\u00bb75px||||false|false\u00bb custom_margin_phone=\u00bb\u00bb custom_margin_last_edited=\u00bbon|phone\u00bb custom_padding=\u00bb10px|10px||10px|false|false\u00bb border_radii=\u00bbon|5px|5px|5px|5px\u00bb global_colors_info=\u00bb{}\u00bb]<\/p>\n<h3>Conformidad<\/h3>\n<p>[\/et_pb_text][et_pb_text _builder_version=\u00bb4.16&#8243; global_colors_info=\u00bb{}\u00bb]<\/p>\n<p>El m\u00f3dulo <strong>IDem<\/strong> le permite apoyar los requisitos de cumplimiento junto con cada paso del proceso de despliegue.\u00a0Se pueden introducir normas de acceso y aplicaci\u00f3n seg\u00fan sea necesario.\u00a0Utilizando la funcionalidad de mensajer\u00eda proactiva puede iniciar notificaciones en varios pasos del proceso definidos.\u00a0Se proporciona una pista de auditor\u00eda completa para todas las actividades, que puede ser supervisada y evaluada<\/p>\n<p>[\/et_pb_text][et_pb_image src=\u00bbhttps:\/\/infodyn.eu\/wp-content\/uploads\/2020\/06\/4.2-Compliance-1024&#215;348-1.jpg\u00bb title_text=\u00bb4.2-Conformidad-1024&#215;348&#8243; show_in_lightbox=\u00bbon\u00bb _builder_version=\u00bb4.16&#8243; global_colors_info=\u00bb{}\u00bb][\/et_pb_image][\/et_pb_column][\/et_pb_row][et_pb_row column_structure=\u00bb1_2,1_2&#8243; _builder_version=\u00bb4.16&#8243; custom_margin=\u00bb50px||||false|false\u00bb global_colors_info=\u00bb{}\u00bb][et_pb_column type=\u00bb1_2&#8243; module_id=\u00bbsegregationofduties\u00bb _builder_version=\u00bb4.16&#8243; global_colors_info=\u00bb{}\u00bb][et_pb_text _builder_version=\u00bb4.16&#8243; background_color=\u00bbrgba(126,179,59,0.16)\u00bb custom_padding=\u00bb10px|10px||10px|false|false\u00bb border_radii=\u00bbon|5px|5px|5px|5px\u00bb global_colors_info=\u00bb{}\u00bb]<\/p>\n<h3>Segregacion de funciones<\/h3>\n<p>[\/et_pb_text][et_pb_text _builder_version=\u00bb4.16&#8243; global_colors_info=\u00bb{}\u00bb]<\/p>\n<p>El sistema central de gesti\u00f3n de usuarios y derechos de <strong>InfoDyn<\/strong> proporciona precisamente el nivel de seguridad de acceso \u00a0necesitado. Todos los usuarios trabajan a trav\u00e9s de un front-end estandarizado basado en un navegador que muestra s\u00f3lo el contenido relevante que es necesario y aprobado para sus funciones espec\u00edficas.<\/p>\n<p>[\/et_pb_text][et_pb_image src=\u00bbhttps:\/\/infodyn.eu\/wp-content\/uploads\/2020\/06\/4.1-Segregation-of-Duties-1020&#215;1024-1.jpg\u00bb title_text=\u00bb4.1-Segregation-de-funciones-1020&#215;1024&#8243; show_in_lightbox=\u00bbon\u00bb _builder_version=\u00bb4.16&#8243; global_colors_info=\u00bb{}\u00bb][\/et_pb_image][\/et_pb_column][et_pb_column type=\u00bb1_2&#8243; module_id=\u00bbldapauth\u00bb _builder_version=\u00bb4.16&#8243; custom_padding_tablet=\u00bb50px||||false|false\u00bb custom_padding_phone=\u00bb\u00bb custom_padding_last_edited=\u00bbon|tablet\u00bb global_colors_info=\u00bb{}\u00bb][et_pb_text _builder_version=\u00bb4.16&#8243; background_color=\u00bbrgba(126,179,59,0.16)\u00bb custom_margin_tablet=\u00bb\u00bb custom_margin_phone=\u00bb\u00bb custom_margin_last_edited=\u00bbon|desktop\u00bb custom_padding=\u00bb10px|10px||10px|false|false\u00bb custom_padding_tablet=\u00bb\u00bb custom_padding_phone=\u00bb\u00bb custom_padding_last_edited=\u00bbon|desktop\u00bb border_radii=\u00bbon|5px|5px|5px|5px\u00bb global_colors_info=\u00bb{}\u00bb]<\/p>\n<h3>Autenticaci\u00f3n LDAP<\/h3>\n<p>[\/et_pb_text][et_pb_text _builder_version=\u00bb4.16&#8243; global_colors_info=\u00bb{}\u00bb]<\/p>\n<p>La autenticaci\u00f3n LDAP garantiza que IDem cumpla con los est\u00e1ndares de seguridad m\u00e1s altos. Incorporar nuevos usuarios es f\u00e1cilisimo. Lo mismo se aplica a los usuarios que ya no deber\u00edan tener acceso a IDem.<\/p>\n<p>[\/et_pb_text][et_pb_image src=\u00bbhttps:\/\/infodyn.eu\/wp-content\/uploads\/2020\/06\/4.4-LDAP-Authentication-1024&#215;639-1.jpg\u00bb title_text=\u00bb4.4-LDAP-Authentication-1024&#215;639&#8243; show_in_lightbox=\u00bbon\u00bb _builder_version=\u00bb4.16&#8243; global_colors_info=\u00bb{}\u00bb][\/et_pb_image][et_pb_text module_id=\u00bbagentsolution\u00bb _builder_version=\u00bb4.16&#8243; background_color=\u00bbrgba(126,179,59,0.16)\u00bb custom_margin=\u00bb70px||||false|false\u00bb custom_margin_tablet=\u00bb||||false|false\u00bb custom_margin_phone=\u00bb\u00bb custom_margin_last_edited=\u00bbon|phone\u00bb custom_padding=\u00bb10px|10px||10px|false|false\u00bb custom_padding_tablet=\u00bb\u00bb custom_padding_phone=\u00bb\u00bb custom_padding_last_edited=\u00bbon|desktop\u00bb border_radii=\u00bbon|5px|5px|5px|5px\u00bb global_colors_info=\u00bb{}\u00bb]<\/p>\n<h3>Soluci\u00f3n a trav\u00e9s del agente IDem<\/h3>\n<p>[\/et_pb_text][et_pb_text _builder_version=\u00bb4.16&#8243; global_colors_info=\u00bb{}\u00bb]<\/p>\n<p>La soluci\u00f3n de agentes de <strong>IDem<\/strong> permite despliegues en entornos seguros\/segregados sin comprometer las restricciones de acceso. Cuando la segmentaci\u00f3n de la red est\u00e1 en marcha, puede ser instalada en uno o varios segmentos.\u00a0Los agentes realizan las tareas requeridas sin necesidad de acceder al repositorio de IDem y pueden hacerse \u00abaltamente disponibles\u00bb.\u00a0Todas las comunicaciones con la aplicaci\u00f3n central son altamente seguras y est\u00e1n cifradas como se espera.<\/p>\n<p>[\/et_pb_text][\/et_pb_column][\/et_pb_row][\/et_pb_section]<\/p>\n","protected":false},"excerpt":{"rendered":"<p>En un entorno altamente regulado, la administraci\u00f3n debe garantizar el cumplimiento y, al mismo tiempo, permitir el despliegue sin problemas de las aplicaciones a una alta frecuencia de liberaci\u00f3nDirectores de proyectos y responsables de conformidad nos informaban de su falta de control y cumplimiento en relaci\u00f3n con:\u00a0 La correlaci\u00f3n entre los requisitos y el seguimiento [&hellip;]<\/p>\n","protected":false},"author":2,"featured_media":0,"parent":0,"menu_order":0,"comment_status":"closed","ping_status":"closed","template":"","meta":{"_et_pb_use_builder":"on","_et_pb_old_content":"","_et_gb_content_width":"","footnotes":""},"class_list":["post-892","page","type-page","status-publish","hentry"],"yoast_head":"<!-- This site is optimized with the Yoast SEO plugin v25.0 - https:\/\/yoast.com\/wordpress\/plugins\/seo\/ -->\n<title>Beneficios de una implementaci\u00f3n completamente automatizada compatibleBeneficios - Infodyn<\/title>\n<meta name=\"robots\" content=\"index, follow, max-snippet:-1, max-image-preview:large, max-video-preview:-1\" \/>\n<link rel=\"canonical\" href=\"https:\/\/infodyn.eu\/es\/beneficios\/\" \/>\n<meta property=\"og:locale\" content=\"es_ES\" \/>\n<meta property=\"og:type\" content=\"article\" \/>\n<meta property=\"og:title\" content=\"Beneficios de una implementaci\u00f3n completamente automatizada compatibleBeneficios - Infodyn\" \/>\n<meta property=\"og:description\" content=\"En un entorno altamente regulado, la administraci\u00f3n debe garantizar el cumplimiento y, al mismo tiempo, permitir el despliegue sin problemas de las aplicaciones a una alta frecuencia de liberaci\u00f3nDirectores de proyectos y responsables de conformidad nos informaban de su falta de control y cumplimiento en relaci\u00f3n con:\u00a0 La correlaci\u00f3n entre los requisitos y el seguimiento [&hellip;]\" \/>\n<meta property=\"og:url\" content=\"https:\/\/infodyn.eu\/es\/beneficios\/\" \/>\n<meta property=\"og:site_name\" content=\"Infodyn\" \/>\n<meta property=\"article:modified_time\" content=\"2023-04-14T07:21:48+00:00\" \/>\n<meta name=\"twitter:card\" content=\"summary_large_image\" \/>\n<meta name=\"twitter:label1\" content=\"Tiempo de lectura\" \/>\n\t<meta name=\"twitter:data1\" content=\"8 minutos\" \/>\n<script type=\"application\/ld+json\" class=\"yoast-schema-graph\">{\"@context\":\"https:\/\/schema.org\",\"@graph\":[{\"@type\":\"WebPage\",\"@id\":\"https:\/\/infodyn.eu\/es\/beneficios\/\",\"url\":\"https:\/\/infodyn.eu\/es\/beneficios\/\",\"name\":\"Beneficios de una implementaci\u00f3n completamente automatizada compatibleBeneficios - Infodyn\",\"isPartOf\":{\"@id\":\"https:\/\/infodyn.eu\/#website\"},\"datePublished\":\"2020-10-02T15:09:51+00:00\",\"dateModified\":\"2023-04-14T07:21:48+00:00\",\"breadcrumb\":{\"@id\":\"https:\/\/infodyn.eu\/es\/beneficios\/#breadcrumb\"},\"inLanguage\":\"es\",\"potentialAction\":[{\"@type\":\"ReadAction\",\"target\":[\"https:\/\/infodyn.eu\/es\/beneficios\/\"]}]},{\"@type\":\"BreadcrumbList\",\"@id\":\"https:\/\/infodyn.eu\/es\/beneficios\/#breadcrumb\",\"itemListElement\":[{\"@type\":\"ListItem\",\"position\":1,\"name\":\"Home\",\"item\":\"https:\/\/infodyn.eu\/es\/\"},{\"@type\":\"ListItem\",\"position\":2,\"name\":\"Beneficios\"}]},{\"@type\":\"WebSite\",\"@id\":\"https:\/\/infodyn.eu\/#website\",\"url\":\"https:\/\/infodyn.eu\/\",\"name\":\"Infodyn\",\"description\":\"\",\"publisher\":{\"@id\":\"https:\/\/infodyn.eu\/#organization\"},\"potentialAction\":[{\"@type\":\"SearchAction\",\"target\":{\"@type\":\"EntryPoint\",\"urlTemplate\":\"https:\/\/infodyn.eu\/?s={search_term_string}\"},\"query-input\":{\"@type\":\"PropertyValueSpecification\",\"valueRequired\":true,\"valueName\":\"search_term_string\"}}],\"inLanguage\":\"es\"},{\"@type\":\"Organization\",\"@id\":\"https:\/\/infodyn.eu\/#organization\",\"name\":\"InfoDyn\",\"url\":\"https:\/\/infodyn.eu\/\",\"logo\":{\"@type\":\"ImageObject\",\"inLanguage\":\"es\",\"@id\":\"https:\/\/infodyn.eu\/#\/schema\/logo\/image\/\",\"url\":\"https:\/\/infodyn.eu\/wp-content\/uploads\/2020\/06\/logo.png\",\"contentUrl\":\"https:\/\/infodyn.eu\/wp-content\/uploads\/2020\/06\/logo.png\",\"width\":78,\"height\":60,\"caption\":\"InfoDyn\"},\"image\":{\"@id\":\"https:\/\/infodyn.eu\/#\/schema\/logo\/image\/\"}}]}<\/script>\n<!-- \/ Yoast SEO plugin. -->","yoast_head_json":{"title":"Beneficios de una implementaci\u00f3n completamente automatizada compatibleBeneficios - Infodyn","robots":{"index":"index","follow":"follow","max-snippet":"max-snippet:-1","max-image-preview":"max-image-preview:large","max-video-preview":"max-video-preview:-1"},"canonical":"https:\/\/infodyn.eu\/es\/beneficios\/","og_locale":"es_ES","og_type":"article","og_title":"Beneficios de una implementaci\u00f3n completamente automatizada compatibleBeneficios - Infodyn","og_description":"En un entorno altamente regulado, la administraci\u00f3n debe garantizar el cumplimiento y, al mismo tiempo, permitir el despliegue sin problemas de las aplicaciones a una alta frecuencia de liberaci\u00f3nDirectores de proyectos y responsables de conformidad nos informaban de su falta de control y cumplimiento en relaci\u00f3n con:\u00a0 La correlaci\u00f3n entre los requisitos y el seguimiento [&hellip;]","og_url":"https:\/\/infodyn.eu\/es\/beneficios\/","og_site_name":"Infodyn","article_modified_time":"2023-04-14T07:21:48+00:00","twitter_card":"summary_large_image","twitter_misc":{"Tiempo de lectura":"8 minutos"},"schema":{"@context":"https:\/\/schema.org","@graph":[{"@type":"WebPage","@id":"https:\/\/infodyn.eu\/es\/beneficios\/","url":"https:\/\/infodyn.eu\/es\/beneficios\/","name":"Beneficios de una implementaci\u00f3n completamente automatizada compatibleBeneficios - Infodyn","isPartOf":{"@id":"https:\/\/infodyn.eu\/#website"},"datePublished":"2020-10-02T15:09:51+00:00","dateModified":"2023-04-14T07:21:48+00:00","breadcrumb":{"@id":"https:\/\/infodyn.eu\/es\/beneficios\/#breadcrumb"},"inLanguage":"es","potentialAction":[{"@type":"ReadAction","target":["https:\/\/infodyn.eu\/es\/beneficios\/"]}]},{"@type":"BreadcrumbList","@id":"https:\/\/infodyn.eu\/es\/beneficios\/#breadcrumb","itemListElement":[{"@type":"ListItem","position":1,"name":"Home","item":"https:\/\/infodyn.eu\/es\/"},{"@type":"ListItem","position":2,"name":"Beneficios"}]},{"@type":"WebSite","@id":"https:\/\/infodyn.eu\/#website","url":"https:\/\/infodyn.eu\/","name":"Infodyn","description":"","publisher":{"@id":"https:\/\/infodyn.eu\/#organization"},"potentialAction":[{"@type":"SearchAction","target":{"@type":"EntryPoint","urlTemplate":"https:\/\/infodyn.eu\/?s={search_term_string}"},"query-input":{"@type":"PropertyValueSpecification","valueRequired":true,"valueName":"search_term_string"}}],"inLanguage":"es"},{"@type":"Organization","@id":"https:\/\/infodyn.eu\/#organization","name":"InfoDyn","url":"https:\/\/infodyn.eu\/","logo":{"@type":"ImageObject","inLanguage":"es","@id":"https:\/\/infodyn.eu\/#\/schema\/logo\/image\/","url":"https:\/\/infodyn.eu\/wp-content\/uploads\/2020\/06\/logo.png","contentUrl":"https:\/\/infodyn.eu\/wp-content\/uploads\/2020\/06\/logo.png","width":78,"height":60,"caption":"InfoDyn"},"image":{"@id":"https:\/\/infodyn.eu\/#\/schema\/logo\/image\/"}}]}},"_links":{"self":[{"href":"https:\/\/infodyn.eu\/es\/wp-json\/wp\/v2\/pages\/892","targetHints":{"allow":["GET"]}}],"collection":[{"href":"https:\/\/infodyn.eu\/es\/wp-json\/wp\/v2\/pages"}],"about":[{"href":"https:\/\/infodyn.eu\/es\/wp-json\/wp\/v2\/types\/page"}],"author":[{"embeddable":true,"href":"https:\/\/infodyn.eu\/es\/wp-json\/wp\/v2\/users\/2"}],"replies":[{"embeddable":true,"href":"https:\/\/infodyn.eu\/es\/wp-json\/wp\/v2\/comments?post=892"}],"version-history":[{"count":11,"href":"https:\/\/infodyn.eu\/es\/wp-json\/wp\/v2\/pages\/892\/revisions"}],"predecessor-version":[{"id":1321,"href":"https:\/\/infodyn.eu\/es\/wp-json\/wp\/v2\/pages\/892\/revisions\/1321"}],"wp:attachment":[{"href":"https:\/\/infodyn.eu\/es\/wp-json\/wp\/v2\/media?parent=892"}],"curies":[{"name":"wp","href":"https:\/\/api.w.org\/{rel}","templated":true}]}}