{"id":923,"date":"2020-10-09T01:50:03","date_gmt":"2020-10-08T23:50:03","guid":{"rendered":"https:\/\/infodyn.eu\/como-funciona\/"},"modified":"2021-11-25T17:18:17","modified_gmt":"2021-11-25T15:18:17","slug":"como-funciona","status":"publish","type":"page","link":"https:\/\/infodyn.eu\/es\/como-funciona\/","title":{"rendered":"Como funciona"},"content":{"rendered":"<p>[et_pb_section fb_built=\u00bb1&#8243; _builder_version=\u00bb4.4.8&#8243; global_colors_info=\u00bb{}\u00bb][et_pb_row _builder_version=\u00bb4.4.8&#8243; global_colors_info=\u00bb{}\u00bb][et_pb_column type=\u00bb4_4&#8243; _builder_version=\u00bb4.4.8&#8243; global_colors_info=\u00bb{}\u00bb][et_pb_text _builder_version=\u00bb4.4.8&#8243; text_orientation=\u00bbcenter\u00bb width=\u00bb90%\u00bb max_width=\u00bb700px\u00bb module_alignment=\u00bbcenter\u00bb global_colors_info=\u00bb{}\u00bb]<\/p>\n<h2>Simplicidad y eficiencia hacen la diferencia\u00a0<\/h2>\n<p>[\/et_pb_text][\/et_pb_column][\/et_pb_row][et_pb_row column_structure=\u00bb1_2,1_2&#8243; _builder_version=\u00bb4.4.8&#8243; global_colors_info=\u00bb{}\u00bb][et_pb_column type=\u00bb1_2&#8243; _builder_version=\u00bb4.4.8&#8243; global_colors_info=\u00bb{}\u00bb][et_pb_text _builder_version=\u00bb4.4.8&#8243; custom_margin=\u00bb||10px||false|false\u00bb global_colors_info=\u00bb{}\u00bb]<\/p>\n<h3>Conocemos el problema<\/h3>\n<p>El despliegue de las construcciones de PowerCenter a menudo conlleva un procesamiento engorroso, lento y manual con guiones caseros. Adem\u00e1s, los desarrolladores, arquitectos y directores de proyectos suelen enfrentarse a muchos retos. Se incluyen entre ellos:<\/p>\n<p>[\/et_pb_text][et_pb_text _builder_version=\u00bb4.4.8&#8243; global_colors_info=\u00bb{}\u00bb]<\/p>\n<ul>\n<li>Plazos de despliegue ajustados<\/li>\n<li>M\u00faltiples cambios no coordinados<\/li>\n<li>Variedad de fuentes de datos<\/li>\n<li>Modificaciones frecuentes<\/li>\n<li>Problemas de cumplimiento<\/li>\n<li>Despliegues de alta frecuencia<\/li>\n<li>Integraci\u00f3n continua y entregas continuas<\/li>\n<\/ul>\n<p>[\/et_pb_text][\/et_pb_column][et_pb_column type=\u00bb1_2&#8243; _builder_version=\u00bb4.4.8&#8243; global_colors_info=\u00bb{}\u00bb][et_pb_text _builder_version=\u00bb4.4.8&#8243; custom_margin=\u00bb||10px||false|false\u00bb global_colors_info=\u00bb{}\u00bb]<\/p>\n<h3>Creamos la soluci\u00f3n<\/h3>\n<p>InfoDyn proporciona a los desarrolladores, arquitectos, gestores de lanzamiento, gestores de ETL, directores de proyectos una soluci\u00f3n r\u00e1pida y f\u00e1cil, pero sencilla y precisa con las siguientes caracter\u00edsticas:<\/p>\n<p>[\/et_pb_text][et_pb_text _builder_version=\u00bb4.4.8&#8243; global_colors_info=\u00bb{}\u00bb]<\/p>\n<ul>\n<li>UIx basada en navegador<\/li>\n<li>Dep\u00f3sito central<\/li>\n<li>Procesos estandarizados<\/li>\n<li>Detecci\u00f3n de cambios &#8211; despliegue delta<\/li>\n<li>Despliegues en un clic<\/li>\n<li>Automatizaci\u00f3n completa<\/li>\n<\/ul>\n<p>[\/et_pb_text][\/et_pb_column][\/et_pb_row][\/et_pb_section][et_pb_section fb_built=\u00bb1&#8243; _builder_version=\u00bb4.4.8&#8243; background_color=\u00bb#f2f2f2&#8243; use_background_color_gradient=\u00bbon\u00bb background_color_gradient_start=\u00bbrgba(126,179,59,0.18)\u00bb background_color_gradient_end=\u00bbrgba(124,218,36,0.34)\u00bb background_color_gradient_overlays_image=\u00bbon\u00bb background_image=\u00bbhttps:\/\/infodyn.eu\/wp-content\/uploads\/2020\/06\/bg-howitworks.jpg\u00bb min_height=\u00bb300px\u00bb global_colors_info=\u00bb{}\u00bb][et_pb_row _builder_version=\u00bb4.4.8&#8243; global_colors_info=\u00bb{}\u00bb][et_pb_column type=\u00bb4_4&#8243; _builder_version=\u00bb4.4.8&#8243; global_colors_info=\u00bb{}\u00bb][et_pb_text _builder_version=\u00bb4.4.8&#8243; header_text_align=\u00bbcenter\u00bb header_2_text_align=\u00bbcenter\u00bb header_2_font_size=\u00bb36px\u00bb background_layout=\u00bbdark\u00bb width=\u00bb90%\u00bb max_width=\u00bb600px\u00bb module_alignment=\u00bbcenter\u00bb custom_margin=\u00bb70px||70px||false|false\u00bb text_text_shadow_style=\u00bbpreset3&#8243; global_colors_info=\u00bb{}\u00bb]<\/p>\n<h2>Despliega mas eficientemente\u00a0con Infodyn IDem\u00a0<\/h2>\n<p>[\/et_pb_text][\/et_pb_column][\/et_pb_row][\/et_pb_section][et_pb_section fb_built=\u00bb1&#8243; _builder_version=\u00bb4.5.3&#8243; global_colors_info=\u00bb{}\u00bb][et_pb_row column_structure=\u00bb1_2,1_2&#8243; _builder_version=\u00bb4.5.3&#8243; global_colors_info=\u00bb{}\u00bb][et_pb_column type=\u00bb1_2&#8243; module_id=\u00bbcentralrepository\u00bb _builder_version=\u00bb4.5.3&#8243; global_colors_info=\u00bb{}\u00bb][et_pb_text _builder_version=\u00bb4.6.1&#8243; background_color=\u00bbrgba(126,179,59,0.16)\u00bb custom_padding=\u00bb10px|10px||10px|false|false\u00bb border_radii=\u00bbon|5px|5px|5px|5px\u00bb global_colors_info=\u00bb{}\u00bb]<\/p>\n<h3>\u00a0Repositorio central<\/h3>\n<p>[\/et_pb_text][et_pb_text _builder_version=\u00bb4.4.8&#8243; global_colors_info=\u00bb{}\u00bb]<\/p>\n<p>Creemos que administrar todos los artefactos de despliegue en las versiones apropiadas de manera manual, es una tarea innecesaria y propensa a errores. Si fuera necesario hacer ajustes en las versiones a corto plazo, es casi imposible hacerlos de forma fiable y segura. \u00a0<\/p>\n<p>La plataforma centralizada permite realizar f\u00e1cilmente acciones relevantes para un despliegue exitoso.\u00a0El dep\u00f3sito de metadatos crea y mantiene todos los artefactos de despliegue versionados con su historial completo.\u00a0<\/p>\n<p>[\/et_pb_text][et_pb_image src=\u00bbhttps:\/\/infodyn.eu\/wp-content\/uploads\/2020\/06\/3.1-centralized-platform-1024&#215;534-1.jpg\u00bb title_text=\u00bb3.1-centralized-platform-1024&#215;534&#8243; show_in_lightbox=\u00bbon\u00bb _builder_version=\u00bb4.4.8&#8243; global_colors_info=\u00bb{}\u00bb][\/et_pb_image][\/et_pb_column][et_pb_column type=\u00bb1_2&#8243; module_id=\u00bbdeploymentprocess\u00bb _builder_version=\u00bb4.5.3&#8243; global_colors_info=\u00bb{}\u00bb][et_pb_text _builder_version=\u00bb4.4.8&#8243; background_color=\u00bbrgba(126,179,59,0.16)\u00bb custom_margin_tablet=\u00bb75px||||false|false\u00bb custom_margin_phone=\u00bb\u00bb custom_margin_last_edited=\u00bbon|phone\u00bb custom_padding=\u00bb10px|10px||10px|false|false\u00bb border_radii=\u00bbon|5px|5px|5px|5px\u00bb global_colors_info=\u00bb{}\u00bb]<\/p>\n<h3>Proceso de despliege estandarizado<\/h3>\n<p>[\/et_pb_text][et_pb_text _builder_version=\u00bb4.4.8&#8243; global_colors_info=\u00bb{}\u00bb]<\/p>\n<p>No hay necesidad de preocuparse por las versiones de los artefactos y su compatibilidad, porque se analizan autom\u00e1ticamente y se tienen en cuenta todas las dependencias. InfoDyn se manipule con los navegadores mas comunes.<\/p>\n<p>[\/et_pb_text][et_pb_image src=\u00bbhttps:\/\/infodyn.eu\/wp-content\/uploads\/2020\/06\/3.2-Standardized-Deployment-Process-1024&#215;665-1.jpg\u00bb title_text=\u00bb3.2-Standardized-Deployment-Process-1024&#215;665&#8243; show_in_lightbox=\u00bbon\u00bb _builder_version=\u00bb4.4.8&#8243; global_colors_info=\u00bb{}\u00bb][\/et_pb_image][\/et_pb_column][\/et_pb_row][et_pb_row column_structure=\u00bb1_2,1_2&#8243; _builder_version=\u00bb4.5.3&#8243; global_colors_info=\u00bb{}\u00bb][et_pb_column type=\u00bb1_2&#8243; module_id=\u00bbfullautomation\u00bb _builder_version=\u00bb4.5.3&#8243; global_colors_info=\u00bb{}\u00bb][et_pb_text _builder_version=\u00bb4.6.1&#8243; background_color=\u00bbrgba(126,179,59,0.16)\u00bb custom_padding=\u00bb10px|10px||10px|false|false\u00bb border_radii=\u00bbon|5px|5px|5px|5px\u00bb global_colors_info=\u00bb{}\u00bb]<\/p>\n<h3>Automatizacion completa<\/h3>\n<p>[\/et_pb_text][et_pb_text _builder_version=\u00bb4.4.8&#8243; global_colors_info=\u00bb{}\u00bb]<\/p>\n<p>Los entornos de objetivos son variados y por lo tanto los ajustes deben hacerse antes, durante o despu\u00e9s del despliegue. InfoDyn lo hace muy f\u00e1cil y sin intervenci\u00f3n manual.\u00a0<\/p>\n<p>Si necesita hacer cambios espec\u00edficos en el entorno de un objeto operacional, nuestra funci\u00f3n de \u00abBuscar y Reemplazar\u00bb es el camino a seguir o el flexible y completo marco de scripts es la soluci\u00f3n.\u00a0<\/p>\n<p>Lo llamamos <strong>\u00abZero Touch\u00bb.<\/strong><\/p>\n<p>[\/et_pb_text][et_pb_image src=\u00bbhttps:\/\/infodyn.eu\/wp-content\/uploads\/2020\/06\/3.3-Release-Automation-1024&#215;715-1.jpg\u00bb title_text=\u00bb3.3-Release-Automation-1024&#215;715&#8243; show_in_lightbox=\u00bbon\u00bb _builder_version=\u00bb4.4.8&#8243; global_colors_info=\u00bb{}\u00bb][\/et_pb_image][\/et_pb_column][et_pb_column type=\u00bb1_2&#8243; module_id=\u00bbtouchfree\u00bb _builder_version=\u00bb4.5.3&#8243; global_colors_info=\u00bb{}\u00bb][et_pb_text _builder_version=\u00bb4.6.1&#8243; background_color=\u00bbrgba(126,179,59,0.16)\u00bb custom_margin_tablet=\u00bb75px||||false|false\u00bb custom_margin_phone=\u00bb\u00bb custom_margin_last_edited=\u00bbon|phone\u00bb custom_padding=\u00bb10px|10px||10px|false|false\u00bb border_radii=\u00bbon|5px|5px|5px|5px\u00bb global_colors_info=\u00bb{}\u00bb]<\/p>\n<h3>Operaci\u00f3n sin contacto<\/h3>\n<p>[\/et_pb_text][et_pb_text _builder_version=\u00bb4.4.8&#8243; global_colors_info=\u00bb{}\u00bb]<\/p>\n<p>El desarrollo de software se ha esforzado en la b\u00fasqueda de la mayor automatizaci\u00f3n posible pero s\u00f3lo unos pocos han logrado este objetivo hasta ahora, estando en la vanguardia.\u00a0<\/p>\n<p>La complejidad de las actividades de despliegue se elimina mediante el uso del gestor de entornos de identificaci\u00f3n y, por lo tanto, es posible un alto grado de automatizaci\u00f3n.\u00a0Con la ayuda de la automatizaci\u00f3n de la liberaci\u00f3n y la integraci\u00f3n continua, estos procesos tambi\u00e9n pueden ser integrados en flujos de trabajo que son programados y ejecutados inmediatamente.\u00a0<\/p>\n<p>[\/et_pb_text][et_pb_image src=\u00bbhttps:\/\/infodyn.eu\/wp-content\/uploads\/2020\/06\/3.4-Zero-Touch-1024&#215;599-1.jpg\u00bb title_text=\u00bb3.4-Zero-Touch-1024&#215;599&#8243; show_in_lightbox=\u00bbon\u00bb _builder_version=\u00bb4.4.8&#8243; global_colors_info=\u00bb{}\u00bb][\/et_pb_image][\/et_pb_column][\/et_pb_row][et_pb_row column_structure=\u00bb1_2,1_2&#8243; _builder_version=\u00bb4.5.3&#8243; global_colors_info=\u00bb{}\u00bb][et_pb_column type=\u00bb1_2&#8243; module_id=\u00bbdevops\u00bb _builder_version=\u00bb4.5.3&#8243; global_colors_info=\u00bb{}\u00bb][et_pb_text _builder_version=\u00bb4.4.8&#8243; background_color=\u00bbrgba(126,179,59,0.16)\u00bb custom_padding=\u00bb10px|10px||10px|false|false\u00bb border_radii=\u00bbon|5px|5px|5px|5px\u00bb global_colors_info=\u00bb{}\u00bb]<\/p>\n<h3>DevOps &amp; CICD<\/h3>\n<p>[\/et_pb_text][et_pb_text _builder_version=\u00bb4.4.8&#8243; global_colors_info=\u00bb{}\u00bb]<\/p>\n<p>DevOps es la cultura de una mejor colaboraci\u00f3n entre el desarrollo de IT y sus operaciones. El objetivo es desplegar el c\u00f3digo de forma r\u00e1pida, repetible y reproducible a trav\u00e9s de todas las etapas de control de calidad y pruebas en la producci\u00f3n.<\/p>\n<p>Con InfoDyn tienes la plataforma idonea a mano: nunca ha sido tan f\u00e1cil implementar de manera confiable las necesidades de DevOps.<\/p>\n<p>[\/et_pb_text][et_pb_image src=\u00bbhttps:\/\/infodyn.eu\/wp-content\/uploads\/2020\/06\/3.5-DevOps-CICD-1024&#215;544-1.jpg\u00bb title_text=\u00bb3.5-DevOps-CICD-1024&#215;544&#8243; show_in_lightbox=\u00bbon\u00bb _builder_version=\u00bb4.4.8&#8243; global_colors_info=\u00bb{}\u00bb][\/et_pb_image][\/et_pb_column][et_pb_column type=\u00bb1_2&#8243; module_id=\u00bbchangedetection\u00bb _builder_version=\u00bb4.5.3&#8243; global_colors_info=\u00bb{}\u00bb][et_pb_text _builder_version=\u00bb4.4.8&#8243; background_color=\u00bbrgba(126,179,59,0.16)\u00bb custom_margin_tablet=\u00bb75px||||false|false\u00bb custom_margin_phone=\u00bb\u00bb custom_margin_last_edited=\u00bbon|phone\u00bb custom_padding=\u00bb10px|10px||10px|false|false\u00bb border_radii=\u00bbon|5px|5px|5px|5px\u00bb global_colors_info=\u00bb{}\u00bb]<\/p>\n<h3>Detecci\u00f3n de cambios<\/h3>\n<p>[\/et_pb_text][et_pb_text _builder_version=\u00bb4.4.8&#8243; global_colors_info=\u00bb{}\u00bb]<\/p>\n<p><strong>Impacto minimizado con mitigaci\u00f3n de riesgos!<\/strong>\u00a0S\u00f3lo se toman diferencias decisivas para las acciones del objetivo.\u00a0<\/p>\n<p><strong>ID environment manager<\/strong>\u00a0 tiene un componente inteligente que decide si un artefacto debe ser desplegado. Esto minimiza el impacto en el entorno del objetivo y acelera la ejecuci\u00f3n de la liberaci\u00f3n.\u00a0<\/p>\n<p>La simulaci\u00f3n de un despliegue proporciona una visi\u00f3n general de los cambios previstos en el destino antes de que se haya alterado el c\u00f3digo.\u00a0<\/p>\n<p>[\/et_pb_text][et_pb_image src=\u00bbhttps:\/\/infodyn.eu\/wp-content\/uploads\/2020\/06\/3.6-Change-Detection-1024&#215;609-1.jpg\u00bb title_text=\u00bb3.6-Change-Detection-1024&#215;609&#8243; show_in_lightbox=\u00bbon\u00bb _builder_version=\u00bb4.4.8&#8243; global_colors_info=\u00bb{}\u00bb][\/et_pb_image][\/et_pb_column][\/et_pb_row][\/et_pb_section]<\/p>\n","protected":false},"excerpt":{"rendered":"<p>Simplicidad y eficiencia hacen la diferencia\u00a0Conocemos el problema El despliegue de las construcciones de PowerCenter a menudo conlleva un procesamiento engorroso, lento y manual con guiones caseros. Adem\u00e1s, los desarrolladores, arquitectos y directores de proyectos suelen enfrentarse a muchos retos. Se incluyen entre ellos: Plazos de despliegue ajustados M\u00faltiples cambios no coordinados Variedad de fuentes [&hellip;]<\/p>\n","protected":false},"author":2,"featured_media":0,"parent":0,"menu_order":0,"comment_status":"closed","ping_status":"closed","template":"","meta":{"_et_pb_use_builder":"on","_et_pb_old_content":"","_et_gb_content_width":"","footnotes":""},"class_list":["post-923","page","type-page","status-publish","hentry"],"yoast_head":"<!-- This site is optimized with the Yoast SEO plugin v25.0 - https:\/\/yoast.com\/wordpress\/plugins\/seo\/ -->\n<title>Como funciona - Infodyn<\/title>\n<meta name=\"robots\" content=\"index, follow, max-snippet:-1, max-image-preview:large, max-video-preview:-1\" \/>\n<link rel=\"canonical\" href=\"https:\/\/infodyn.eu\/es\/como-funciona\/\" \/>\n<meta property=\"og:locale\" content=\"es_ES\" \/>\n<meta property=\"og:type\" content=\"article\" \/>\n<meta property=\"og:title\" content=\"Como funciona - Infodyn\" \/>\n<meta property=\"og:description\" content=\"Simplicidad y eficiencia hacen la diferencia\u00a0Conocemos el problema El despliegue de las construcciones de PowerCenter a menudo conlleva un procesamiento engorroso, lento y manual con guiones caseros. Adem\u00e1s, los desarrolladores, arquitectos y directores de proyectos suelen enfrentarse a muchos retos. Se incluyen entre ellos: Plazos de despliegue ajustados M\u00faltiples cambios no coordinados Variedad de fuentes [&hellip;]\" \/>\n<meta property=\"og:url\" content=\"https:\/\/infodyn.eu\/es\/como-funciona\/\" \/>\n<meta property=\"og:site_name\" content=\"Infodyn\" \/>\n<meta property=\"article:modified_time\" content=\"2021-11-25T15:18:17+00:00\" \/>\n<meta name=\"twitter:card\" content=\"summary_large_image\" \/>\n<meta name=\"twitter:label1\" content=\"Tiempo de lectura\" \/>\n\t<meta name=\"twitter:data1\" content=\"7 minutos\" \/>\n<script type=\"application\/ld+json\" class=\"yoast-schema-graph\">{\"@context\":\"https:\/\/schema.org\",\"@graph\":[{\"@type\":\"WebPage\",\"@id\":\"https:\/\/infodyn.eu\/es\/como-funciona\/\",\"url\":\"https:\/\/infodyn.eu\/es\/como-funciona\/\",\"name\":\"Como funciona - Infodyn\",\"isPartOf\":{\"@id\":\"https:\/\/infodyn.eu\/#website\"},\"datePublished\":\"2020-10-08T23:50:03+00:00\",\"dateModified\":\"2021-11-25T15:18:17+00:00\",\"breadcrumb\":{\"@id\":\"https:\/\/infodyn.eu\/es\/como-funciona\/#breadcrumb\"},\"inLanguage\":\"es\",\"potentialAction\":[{\"@type\":\"ReadAction\",\"target\":[\"https:\/\/infodyn.eu\/es\/como-funciona\/\"]}]},{\"@type\":\"BreadcrumbList\",\"@id\":\"https:\/\/infodyn.eu\/es\/como-funciona\/#breadcrumb\",\"itemListElement\":[{\"@type\":\"ListItem\",\"position\":1,\"name\":\"Home\",\"item\":\"https:\/\/infodyn.eu\/es\/\"},{\"@type\":\"ListItem\",\"position\":2,\"name\":\"Como funciona\"}]},{\"@type\":\"WebSite\",\"@id\":\"https:\/\/infodyn.eu\/#website\",\"url\":\"https:\/\/infodyn.eu\/\",\"name\":\"Infodyn\",\"description\":\"\",\"publisher\":{\"@id\":\"https:\/\/infodyn.eu\/#organization\"},\"potentialAction\":[{\"@type\":\"SearchAction\",\"target\":{\"@type\":\"EntryPoint\",\"urlTemplate\":\"https:\/\/infodyn.eu\/?s={search_term_string}\"},\"query-input\":{\"@type\":\"PropertyValueSpecification\",\"valueRequired\":true,\"valueName\":\"search_term_string\"}}],\"inLanguage\":\"es\"},{\"@type\":\"Organization\",\"@id\":\"https:\/\/infodyn.eu\/#organization\",\"name\":\"InfoDyn\",\"url\":\"https:\/\/infodyn.eu\/\",\"logo\":{\"@type\":\"ImageObject\",\"inLanguage\":\"es\",\"@id\":\"https:\/\/infodyn.eu\/#\/schema\/logo\/image\/\",\"url\":\"https:\/\/infodyn.eu\/wp-content\/uploads\/2020\/06\/logo.png\",\"contentUrl\":\"https:\/\/infodyn.eu\/wp-content\/uploads\/2020\/06\/logo.png\",\"width\":78,\"height\":60,\"caption\":\"InfoDyn\"},\"image\":{\"@id\":\"https:\/\/infodyn.eu\/#\/schema\/logo\/image\/\"}}]}<\/script>\n<!-- \/ Yoast SEO plugin. -->","yoast_head_json":{"title":"Como funciona - Infodyn","robots":{"index":"index","follow":"follow","max-snippet":"max-snippet:-1","max-image-preview":"max-image-preview:large","max-video-preview":"max-video-preview:-1"},"canonical":"https:\/\/infodyn.eu\/es\/como-funciona\/","og_locale":"es_ES","og_type":"article","og_title":"Como funciona - Infodyn","og_description":"Simplicidad y eficiencia hacen la diferencia\u00a0Conocemos el problema El despliegue de las construcciones de PowerCenter a menudo conlleva un procesamiento engorroso, lento y manual con guiones caseros. Adem\u00e1s, los desarrolladores, arquitectos y directores de proyectos suelen enfrentarse a muchos retos. Se incluyen entre ellos: Plazos de despliegue ajustados M\u00faltiples cambios no coordinados Variedad de fuentes [&hellip;]","og_url":"https:\/\/infodyn.eu\/es\/como-funciona\/","og_site_name":"Infodyn","article_modified_time":"2021-11-25T15:18:17+00:00","twitter_card":"summary_large_image","twitter_misc":{"Tiempo de lectura":"7 minutos"},"schema":{"@context":"https:\/\/schema.org","@graph":[{"@type":"WebPage","@id":"https:\/\/infodyn.eu\/es\/como-funciona\/","url":"https:\/\/infodyn.eu\/es\/como-funciona\/","name":"Como funciona - Infodyn","isPartOf":{"@id":"https:\/\/infodyn.eu\/#website"},"datePublished":"2020-10-08T23:50:03+00:00","dateModified":"2021-11-25T15:18:17+00:00","breadcrumb":{"@id":"https:\/\/infodyn.eu\/es\/como-funciona\/#breadcrumb"},"inLanguage":"es","potentialAction":[{"@type":"ReadAction","target":["https:\/\/infodyn.eu\/es\/como-funciona\/"]}]},{"@type":"BreadcrumbList","@id":"https:\/\/infodyn.eu\/es\/como-funciona\/#breadcrumb","itemListElement":[{"@type":"ListItem","position":1,"name":"Home","item":"https:\/\/infodyn.eu\/es\/"},{"@type":"ListItem","position":2,"name":"Como funciona"}]},{"@type":"WebSite","@id":"https:\/\/infodyn.eu\/#website","url":"https:\/\/infodyn.eu\/","name":"Infodyn","description":"","publisher":{"@id":"https:\/\/infodyn.eu\/#organization"},"potentialAction":[{"@type":"SearchAction","target":{"@type":"EntryPoint","urlTemplate":"https:\/\/infodyn.eu\/?s={search_term_string}"},"query-input":{"@type":"PropertyValueSpecification","valueRequired":true,"valueName":"search_term_string"}}],"inLanguage":"es"},{"@type":"Organization","@id":"https:\/\/infodyn.eu\/#organization","name":"InfoDyn","url":"https:\/\/infodyn.eu\/","logo":{"@type":"ImageObject","inLanguage":"es","@id":"https:\/\/infodyn.eu\/#\/schema\/logo\/image\/","url":"https:\/\/infodyn.eu\/wp-content\/uploads\/2020\/06\/logo.png","contentUrl":"https:\/\/infodyn.eu\/wp-content\/uploads\/2020\/06\/logo.png","width":78,"height":60,"caption":"InfoDyn"},"image":{"@id":"https:\/\/infodyn.eu\/#\/schema\/logo\/image\/"}}]}},"_links":{"self":[{"href":"https:\/\/infodyn.eu\/es\/wp-json\/wp\/v2\/pages\/923","targetHints":{"allow":["GET"]}}],"collection":[{"href":"https:\/\/infodyn.eu\/es\/wp-json\/wp\/v2\/pages"}],"about":[{"href":"https:\/\/infodyn.eu\/es\/wp-json\/wp\/v2\/types\/page"}],"author":[{"embeddable":true,"href":"https:\/\/infodyn.eu\/es\/wp-json\/wp\/v2\/users\/2"}],"replies":[{"embeddable":true,"href":"https:\/\/infodyn.eu\/es\/wp-json\/wp\/v2\/comments?post=923"}],"version-history":[{"count":6,"href":"https:\/\/infodyn.eu\/es\/wp-json\/wp\/v2\/pages\/923\/revisions"}],"predecessor-version":[{"id":1220,"href":"https:\/\/infodyn.eu\/es\/wp-json\/wp\/v2\/pages\/923\/revisions\/1220"}],"wp:attachment":[{"href":"https:\/\/infodyn.eu\/es\/wp-json\/wp\/v2\/media?parent=923"}],"curies":[{"name":"wp","href":"https:\/\/api.w.org\/{rel}","templated":true}]}}